{"id":9,"date":"2021-09-07T20:32:59","date_gmt":"2021-09-07T20:32:59","guid":{"rendered":"https:\/\/www.crescendomolto.com\/?page_id=9"},"modified":"2021-09-20T15:05:26","modified_gmt":"2021-09-20T15:05:26","slug":"crescendo-molto-estudio-de-violonchelo-suzuki","status":"publish","type":"page","link":"https:\/\/www.crescendomolto.com\/en\/","title":{"rendered":"Home"},"content":{"rendered":"<blockquote class=\"wp-block-quote is-layout-flow wp-block-quote-is-layout-flow\"><p>Music exists for the purpose of growing an admirable heart.<\/p><cite>Shinichi Suzuki<\/cite><\/blockquote>","protected":false},"excerpt":{"rendered":"<p>La m\u00fasica existe con el prop\u00f3sito de cultivar un coraz\u00f3n admirable. Shinichi Suzuki<\/p>","protected":false},"author":1,"featured_media":83,"parent":0,"menu_order":0,"comment_status":"closed","ping_status":"closed","template":"","meta":{"footnotes":""},"class_list":["post-9","page","type-page","status-publish","has-post-thumbnail","hentry"],"yoast_head":"<!-- This site is optimized with the Yoast SEO plugin v27.5 - https:\/\/yoast.com\/product\/yoast-seo-wordpress\/ -->\n<title>Inicio - Crescendo Molto<\/title>\n<meta name=\"description\" content=\"\u00bfBuscas clases de m\u00fasica? Violonchelo con el M\u00e9todo Suzuki, para ni\u00f1as y ni\u00f1os partir de 3 a\u00f1os pero sin l\u00edmite de edad. En Madrid.\" \/>\n<meta name=\"robots\" content=\"index, follow, max-snippet:-1, max-image-preview:large, max-video-preview:-1\" \/>\n<link rel=\"canonical\" href=\"https:\/\/www.crescendomolto.com\/en\/\" \/>\n<meta property=\"og:locale\" content=\"en_GB\" \/>\n<meta property=\"og:type\" content=\"article\" \/>\n<meta property=\"og:title\" content=\"Inicio - Crescendo Molto\" \/>\n<meta property=\"og:description\" content=\"\u00bfBuscas clases de m\u00fasica? Violonchelo con el M\u00e9todo Suzuki, para ni\u00f1as y ni\u00f1os partir de 3 a\u00f1os pero sin l\u00edmite de edad. En Madrid.\" \/>\n<meta property=\"og:url\" content=\"https:\/\/www.crescendomolto.com\/en\/\" \/>\n<meta property=\"og:site_name\" content=\"Crescendo Molto\" \/>\n<meta property=\"article:publisher\" content=\"https:\/\/www.facebook.com\/crescendomoltoestudiodeviolonchelo\/\" \/>\n<meta property=\"article:modified_time\" content=\"2021-09-20T15:05:26+00:00\" \/>\n<meta property=\"og:image\" content=\"https:\/\/www.crescendomolto.com\/wp-content\/uploads\/2021\/09\/dragoncito.jpg\" \/>\n\t<meta property=\"og:image:width\" content=\"1400\" \/>\n\t<meta property=\"og:image:height\" content=\"1130\" \/>\n\t<meta property=\"og:image:type\" content=\"image\/jpeg\" \/>\n<meta name=\"twitter:card\" content=\"summary_large_image\" \/>\n<meta name=\"twitter:label1\" content=\"Estimated reading time\" \/>\n\t<meta name=\"twitter:data1\" content=\"1 minute\" \/>\n<script type=\"application\/ld+json\" class=\"yoast-schema-graph\">{\"@context\":\"https:\\\/\\\/schema.org\",\"@graph\":[{\"@type\":\"WebPage\",\"@id\":\"https:\\\/\\\/www.crescendomolto.com\\\/\",\"url\":\"https:\\\/\\\/www.crescendomolto.com\\\/\",\"name\":\"Inicio - Crescendo Molto\",\"isPartOf\":{\"@id\":\"https:\\\/\\\/www.crescendomolto.com\\\/#website\"},\"primaryImageOfPage\":{\"@id\":\"https:\\\/\\\/www.crescendomolto.com\\\/#primaryimage\"},\"image\":{\"@id\":\"https:\\\/\\\/www.crescendomolto.com\\\/#primaryimage\"},\"thumbnailUrl\":\"https:\\\/\\\/www.crescendomolto.com\\\/wp-content\\\/uploads\\\/2021\\\/09\\\/dragoncito.jpg\",\"datePublished\":\"2021-09-07T20:32:59+00:00\",\"dateModified\":\"2021-09-20T15:05:26+00:00\",\"description\":\"\u00bfBuscas clases de m\u00fasica? Violonchelo con el M\u00e9todo Suzuki, para ni\u00f1as y ni\u00f1os partir de 3 a\u00f1os pero sin l\u00edmite de edad. En Madrid.\",\"breadcrumb\":{\"@id\":\"https:\\\/\\\/www.crescendomolto.com\\\/#breadcrumb\"},\"inLanguage\":\"en-GB\",\"potentialAction\":[{\"@type\":\"ReadAction\",\"target\":[\"https:\\\/\\\/www.crescendomolto.com\\\/\"]}]},{\"@type\":\"ImageObject\",\"inLanguage\":\"en-GB\",\"@id\":\"https:\\\/\\\/www.crescendomolto.com\\\/#primaryimage\",\"url\":\"https:\\\/\\\/www.crescendomolto.com\\\/wp-content\\\/uploads\\\/2021\\\/09\\\/dragoncito.jpg\",\"contentUrl\":\"https:\\\/\\\/www.crescendomolto.com\\\/wp-content\\\/uploads\\\/2021\\\/09\\\/dragoncito.jpg\",\"width\":1400,\"height\":1130},{\"@type\":\"BreadcrumbList\",\"@id\":\"https:\\\/\\\/www.crescendomolto.com\\\/#breadcrumb\",\"itemListElement\":[{\"@type\":\"ListItem\",\"position\":1,\"name\":\"Portada\",\"item\":\"https:\\\/\\\/www.crescendomolto.com\\\/\"},{\"@type\":\"ListItem\",\"position\":2,\"name\":\"Inicio\"}]},{\"@type\":\"WebSite\",\"@id\":\"https:\\\/\\\/www.crescendomolto.com\\\/#website\",\"url\":\"https:\\\/\\\/www.crescendomolto.com\\\/\",\"name\":\"Crescendo Molto\",\"description\":\"Estudio de Violonchelo Suzuki en Madrid\",\"potentialAction\":[{\"@type\":\"SearchAction\",\"target\":{\"@type\":\"EntryPoint\",\"urlTemplate\":\"https:\\\/\\\/www.crescendomolto.com\\\/?s={search_term_string}\"},\"query-input\":{\"@type\":\"PropertyValueSpecification\",\"valueRequired\":true,\"valueName\":\"search_term_string\"}}],\"inLanguage\":\"en-GB\"}]}<\/script>\n<!-- \/ Yoast SEO plugin. -->","yoast_head_json":{"title":"Inicio - Crescendo Molto","description":"\u00bfBuscas clases de m\u00fasica? Violonchelo con el M\u00e9todo Suzuki, para ni\u00f1as y ni\u00f1os partir de 3 a\u00f1os pero sin l\u00edmite de edad. En Madrid.","robots":{"index":"index","follow":"follow","max-snippet":"max-snippet:-1","max-image-preview":"max-image-preview:large","max-video-preview":"max-video-preview:-1"},"canonical":"https:\/\/www.crescendomolto.com\/en\/","og_locale":"en_GB","og_type":"article","og_title":"Inicio - Crescendo Molto","og_description":"\u00bfBuscas clases de m\u00fasica? Violonchelo con el M\u00e9todo Suzuki, para ni\u00f1as y ni\u00f1os partir de 3 a\u00f1os pero sin l\u00edmite de edad. En Madrid.","og_url":"https:\/\/www.crescendomolto.com\/en\/","og_site_name":"Crescendo Molto","article_publisher":"https:\/\/www.facebook.com\/crescendomoltoestudiodeviolonchelo\/","article_modified_time":"2021-09-20T15:05:26+00:00","og_image":[{"width":1400,"height":1130,"url":"https:\/\/www.crescendomolto.com\/wp-content\/uploads\/2021\/09\/dragoncito.jpg","type":"image\/jpeg"}],"twitter_card":"summary_large_image","twitter_misc":{"Estimated reading time":"1 minute"},"schema":{"@context":"https:\/\/schema.org","@graph":[{"@type":"WebPage","@id":"https:\/\/www.crescendomolto.com\/","url":"https:\/\/www.crescendomolto.com\/","name":"Inicio - Crescendo Molto","isPartOf":{"@id":"https:\/\/www.crescendomolto.com\/#website"},"primaryImageOfPage":{"@id":"https:\/\/www.crescendomolto.com\/#primaryimage"},"image":{"@id":"https:\/\/www.crescendomolto.com\/#primaryimage"},"thumbnailUrl":"https:\/\/www.crescendomolto.com\/wp-content\/uploads\/2021\/09\/dragoncito.jpg","datePublished":"2021-09-07T20:32:59+00:00","dateModified":"2021-09-20T15:05:26+00:00","description":"\u00bfBuscas clases de m\u00fasica? Violonchelo con el M\u00e9todo Suzuki, para ni\u00f1as y ni\u00f1os partir de 3 a\u00f1os pero sin l\u00edmite de edad. En Madrid.","breadcrumb":{"@id":"https:\/\/www.crescendomolto.com\/#breadcrumb"},"inLanguage":"en-GB","potentialAction":[{"@type":"ReadAction","target":["https:\/\/www.crescendomolto.com\/"]}]},{"@type":"ImageObject","inLanguage":"en-GB","@id":"https:\/\/www.crescendomolto.com\/#primaryimage","url":"https:\/\/www.crescendomolto.com\/wp-content\/uploads\/2021\/09\/dragoncito.jpg","contentUrl":"https:\/\/www.crescendomolto.com\/wp-content\/uploads\/2021\/09\/dragoncito.jpg","width":1400,"height":1130},{"@type":"BreadcrumbList","@id":"https:\/\/www.crescendomolto.com\/#breadcrumb","itemListElement":[{"@type":"ListItem","position":1,"name":"Portada","item":"https:\/\/www.crescendomolto.com\/"},{"@type":"ListItem","position":2,"name":"Inicio"}]},{"@type":"WebSite","@id":"https:\/\/www.crescendomolto.com\/#website","url":"https:\/\/www.crescendomolto.com\/","name":"Crescendo Molto","description":"Suzuki Cello studio in Madrid","potentialAction":[{"@type":"SearchAction","target":{"@type":"EntryPoint","urlTemplate":"https:\/\/www.crescendomolto.com\/?s={search_term_string}"},"query-input":{"@type":"PropertyValueSpecification","valueRequired":true,"valueName":"search_term_string"}}],"inLanguage":"en-GB"}]}},"_links":{"self":[{"href":"https:\/\/www.crescendomolto.com\/en\/wp-json\/wp\/v2\/pages\/9","targetHints":{"allow":["GET"]}}],"collection":[{"href":"https:\/\/www.crescendomolto.com\/en\/wp-json\/wp\/v2\/pages"}],"about":[{"href":"https:\/\/www.crescendomolto.com\/en\/wp-json\/wp\/v2\/types\/page"}],"author":[{"embeddable":true,"href":"https:\/\/www.crescendomolto.com\/en\/wp-json\/wp\/v2\/users\/1"}],"replies":[{"embeddable":true,"href":"https:\/\/www.crescendomolto.com\/en\/wp-json\/wp\/v2\/comments?post=9"}],"version-history":[{"count":10,"href":"https:\/\/www.crescendomolto.com\/en\/wp-json\/wp\/v2\/pages\/9\/revisions"}],"predecessor-version":[{"id":207,"href":"https:\/\/www.crescendomolto.com\/en\/wp-json\/wp\/v2\/pages\/9\/revisions\/207"}],"wp:featuredmedia":[{"embeddable":true,"href":"https:\/\/www.crescendomolto.com\/en\/wp-json\/wp\/v2\/media\/83"}],"wp:attachment":[{"href":"https:\/\/www.crescendomolto.com\/en\/wp-json\/wp\/v2\/media?parent=9"}],"curies":[{"name":"wp","href":"https:\/\/api.w.org\/{rel}","templated":true}]}}